{"id":795,"date":"2017-07-03T03:58:12","date_gmt":"2017-07-03T03:58:12","guid":{"rendered":"http:\/\/smartdata.tonytemplates.com\/cleaning-service\/?page_id=795"},"modified":"2018-11-29T22:26:59","modified_gmt":"2018-11-29T22:26:59","slug":"order-page","status":"publish","type":"page","link":"https:\/\/cleaningfairy.se\/sv\/order-page\/","title":{"rendered":"Best\u00e4llningsformul\u00e4r"},"content":{"rendered":"<div class=\"wpb-content-wrapper\"><p>[vc_row disable_element=&#8221;yes&#8221; el_class=&#8221;order-images&#8221;][vc_column width=&#8221;2\/3&#8243;][vc_row_inner][vc_column_inner el_class=&#8221;order-form-box select-wrapper-self&#8221;]\n<div class=\"wpcf7 no-js\" id=\"wpcf7-f797-o1\" lang=\"en-US\" dir=\"ltr\">\n<div class=\"screen-reader-response\"><p role=\"status\" aria-live=\"polite\" aria-atomic=\"true\"><\/p> <ul><\/ul><\/div>\n<form action=\"\/sv\/wp-json\/wp\/v2\/pages\/795#wpcf7-f797-o1\" method=\"post\" class=\"wpcf7-form init\" aria-label=\"Contact form\" novalidate=\"novalidate\" data-status=\"init\">\n<div style=\"display: none;\">\n<input type=\"hidden\" name=\"_wpcf7\" value=\"797\" \/>\n<input type=\"hidden\" name=\"_wpcf7_version\" value=\"5.9.5\" \/>\n<input type=\"hidden\" name=\"_wpcf7_locale\" value=\"en_US\" \/>\n<input type=\"hidden\" name=\"_wpcf7_unit_tag\" value=\"wpcf7-f797-o1\" \/>\n<input type=\"hidden\" name=\"_wpcf7_container_post\" value=\"0\" \/>\n<input type=\"hidden\" name=\"_wpcf7_posted_data_hash\" value=\"\" \/>\n<\/div>\n<div id=\"orderForm\" method=\"post\" novalidate=\"novalidate\">\n\t<h4>Boka din st\u00e4dservice i 60 sekunder\n\t<\/h4>\n\t<div class=\"divider-line\">\n\t<\/div>\n\t<div class=\"successform text-center\">\n\t\t<p>Tack f\u00f6r ditt meddelande. Den har skickats.\n\t\t<\/p>\n\t<\/div>\n\t<div class=\"errorform text-center\">\n\t\t<p>Det var ett problem. V\u00e4nligen f\u00f6rs\u00f6k igen senare eller ring oss p\u00e5 v\u00e5r telefon (+46) 073 409 13 82.\n\t\t<\/p>\n\t<\/div>\n\t<h6>Kontaktinformation\n\t<\/h6>\n\t<p> Denna information kommer att anv\u00e4ndas f\u00f6r att kontakta dig om din tj\u00e4nst.\n\t<\/p>\n\t<div class=\"row\">\n\t\t<div class=\"col-sm-6\">\n\t\t\t<p><span class=\"wpcf7-form-control-wrap\" data-name=\"your-name\"><input size=\"40\" class=\"wpcf7-form-control wpcf7-text wpcf7-validates-as-required input-custom input-custom--sm input-full\" aria-required=\"true\" aria-invalid=\"false\" placeholder=\"Ditt namn\" value=\"\" type=\"text\" name=\"your-name\" \/><\/span>\n\t\t\t<\/p>\n\t\t<\/div>\n\t\t<div class=\"col-sm-6\">\n\t\t\t<p><span class=\"wpcf7-form-control-wrap\" data-name=\"your-address\"><input size=\"40\" class=\"wpcf7-form-control wpcf7-text wpcf7-validates-as-required input-custom input-custom--sm input-full\" aria-required=\"true\" aria-invalid=\"false\" placeholder=\"Din Adress\" value=\"\" type=\"text\" name=\"your-address\" \/><\/span>\n\t\t\t<\/p>\n\t\t<\/div>\n\t<\/div>\n\t<div class=\"row\">\n\t\t<div class=\"col-sm-6\">\n\t\t\t<p><span class=\"wpcf7-form-control-wrap\" data-name=\"your-phone\"><input class=\"wpcf7-form-control wpcf7-number wpcf7-validates-as-required wpcf7-validates-as-number input-custom input-custom--sm input-full\" aria-required=\"true\" aria-invalid=\"false\" placeholder=\"Telefonnummer\" value=\"\" type=\"number\" name=\"your-phone\" \/><\/span>\n\t\t\t<\/p>\n\t\t<\/div>\n\t\t<div class=\"col-sm-6\">\n\t\t\t<p><span class=\"wpcf7-form-control-wrap\" data-name=\"your-email\"><input size=\"40\" class=\"wpcf7-form-control wpcf7-email wpcf7-validates-as-required wpcf7-text wpcf7-validates-as-email input-custom input-custom--sm input-full\" aria-required=\"true\" aria-invalid=\"false\" placeholder=\"E-post\" value=\"\" type=\"email\" name=\"your-email\" \/><\/span>\n\t\t\t<\/p>\n\t\t<\/div>\n\t<\/div>\n\t<div class=\"divider-line\">\n\t<\/div>\n\t<h6>Hem Information\n\t<\/h6>\n\t<p>Ber\u00e4tta om ditt hem\n\t<\/p>\n\t<div class=\"row\">\n\t\t<div class=\"col-sm-6\">\n\t\t\t<div class=\"qty-count qty-count--order\">\n\t\t\t\t<p><span class=\"count-reduce\">\u2013<\/span><br \/>\n<span class=\"wpcf7-form-control-wrap\" data-name=\"bedrooms\"><input size=\"40\" class=\"wpcf7-form-control wpcf7-text count-input\" aria-invalid=\"false\" placeholder=\"Sovrum\" value=\"\" type=\"text\" name=\"bedrooms\" \/><\/span><br \/>\n<span class=\"count-add\">+<\/span>\n\t\t\t\t<\/p>\n\t\t\t<\/div>\n\t\t\t<div class=\"text-center input-comment\">\n\t\t\t\t<p>(vardagsrum och k\u00f6k ing\u00e5r)\n\t\t\t\t<\/p>\n\t\t\t<\/div>\n\t\t<\/div>\n\t\t<div class=\"col-sm-6\">\n\t\t\t<div class=\"qty-count qty-count--order\">\n\t\t\t\t<p><span class=\"count-reduce\">-<\/span><br \/>\n<span class=\"wpcf7-form-control-wrap\" data-name=\"home-size\"><input size=\"40\" class=\"wpcf7-form-control wpcf7-text count-input\" aria-invalid=\"false\" placeholder=\"Hemstorlek\" value=\"\" type=\"text\" name=\"home-size\" \/><\/span><br \/>\n<span class=\"count-add\">+<\/span>\n\t\t\t\t<\/p>\n\t\t\t<\/div>\n\t\t\t<div class=\"text-center input-comment\">\n\t\t\t\t<p>(I kvadratmeter)\n\t\t\t\t<\/p>\n\t\t\t<\/div>\n\t\t<\/div>\n\t<\/div>\n\t<div class=\"divider-line\">\n\t<\/div>\n\t<h6>Tj\u00e4nsten beg\u00e4rd\n\t<\/h6>\n\t<div class=\"select-wrapper select-wrapper--sm\">\n\t\t<p><span class=\"wpcf7-form-control-wrap\" data-name=\"services\"><select class=\"wpcf7-form-control wpcf7-select wpcf7-validates-as-required input-custom input-custom--sm\" aria-required=\"true\" aria-invalid=\"false\" name=\"services\"><option value=\"St\u00e4dning av Hus och L\u00e4genhet\">St\u00e4dning av Hus och L\u00e4genhet<\/option><option value=\"Innan och Efter Ombyggnad\">Innan och Efter Ombyggnad<\/option><option value=\"Gardintv\u00e4tt\">Gardintv\u00e4tt<\/option><option value=\"F\u00f6nsterputs\">F\u00f6nsterputs<\/option><option value=\"St\u00e4dning av kontor och kommers\">St\u00e4dning av kontor och kommers<\/option><option value=\"Elektronik\u00e5tervinning\">Elektronik\u00e5tervinning<\/option><option value=\"Storst\u00e4dning\">Storst\u00e4dning<\/option><\/select><\/span>\n\t\t<\/p>\n\t<\/div>\n\t<div class=\"divider-line\">\n\t<\/div>\n\t<h6>Tj\u00e4nsten beg\u00e4rd\n\t<\/h6>\n\t<p>N\u00e4r vill du att vi ska komma?\n\t<\/p>\n\t<div class=\"row\">\n\t\t<div class=\"col-sm-4 col-md-5\">\n\t\t\t<div class=\"datetimepicker-wrap icon-time\">\n\t\t\t\t<p><span class=\"wpcf7-form-control-wrap\" data-name=\"deliverydate\"><input size=\"40\" class=\"wpcf7-form-control wpcf7-text form-control input-custom input-custom--sm datetimepicker\" aria-invalid=\"false\" value=\"\" type=\"text\" name=\"deliverydate\" \/><\/span>\n\t\t\t\t<\/p>\n\t\t\t<\/div>\n\t\t<\/div>\n\t\t<div class=\"col-sm-8 col-md-7 text-right select-wrapper-self text-center-xs\">\n\t\t\t<p><span class=\"hidden-xs\">Varje tid mellan &nbsp;<\/span>\n\t\t\t<\/p>\n\t\t\t<div class=\"select-wrapper select-wrapper--sm select-time\">\n\t\t\t\t<p><span class=\"wpcf7-form-control-wrap\" data-name=\"time1\"><select class=\"wpcf7-form-control wpcf7-select input-custom input-custom--sm\" aria-invalid=\"false\" name=\"time1\"><option value=\"8:00 AM\">8:00 AM<\/option><option value=\"9:00 AM\">9:00 AM<\/option><option value=\"10:00 AM\">10:00 AM<\/option><option value=\"11:00 AM\">11:00 AM<\/option><option value=\"12:00 AM\">12:00 AM<\/option><option value=\"01:00 PM\">01:00 PM<\/option><option value=\"02:00 PM\">02:00 PM<\/option><option value=\"03:00 PM\">03:00 PM<\/option><option value=\"04:00 PM\">04:00 PM<\/option><option value=\"05:00 PM\">05:00 PM<\/option><option value=\"06:00 PM\">06:00 PM<\/option><option value=\"07:00 PM\">07:00 PM<\/option><option value=\"08:00 PM\">08:00 PM<\/option><\/select><\/span>\n\t\t\t\t<\/p>\n\t\t\t<\/div>\n\t\t\t<p><span>&nbsp;-&nbsp;<\/span>\n\t\t\t<\/p>\n\t\t\t<div class=\"select-wrapper select-wrapper--sm select-time\">\n\t\t\t\t<p><span class=\"wpcf7-form-control-wrap\" data-name=\"time2\"><select class=\"wpcf7-form-control wpcf7-select input-custom input-custom--sm\" aria-invalid=\"false\" name=\"time2\"><option value=\"8:00 AM\">8:00 AM<\/option><option value=\"9:00 AM\">9:00 AM<\/option><option value=\"10:00 AM\">10:00 AM<\/option><option value=\"11:00 AM\">11:00 AM<\/option><option value=\"12:00 AM\">12:00 AM<\/option><option value=\"01:00 PM\">01:00 PM<\/option><option value=\"02:00 PM\">02:00 PM<\/option><option value=\"03:00 PM\">03:00 PM<\/option><option value=\"04:00 PM\">04:00 PM<\/option><option value=\"05:00 PM\">05:00 PM<\/option><option value=\"06:00 PM\">06:00 PM<\/option><option value=\"07:00 PM\">07:00 PM<\/option><option value=\"08:00 PM\">08:00 PM<\/option><\/select><\/span>\n\t\t\t\t<\/p>\n\t\t\t<\/div>\n\t\t<\/div>\n\t<\/div>\n\t<div class=\"divider-line\">\n\t<\/div>\n\t<h6>Hur ofta?\n\t<\/h6>\n\t<p>Definiera hur ofta du vill att vi ska utf\u00f6ra tj\u00e4nsten?\n\t<\/p>\n\t<div class=\"label-box-wrap\">\n\t\t<p><span class=\"wpcf7-form-control-wrap\" data-name=\"how-offten\"><input size=\"40\" class=\"wpcf7-form-control wpcf7-text input-custom input-custom--sm input-full\" aria-invalid=\"false\" placeholder=\"Hur ofta\" value=\"\" type=\"text\" name=\"how-offten\" \/><\/span>\n\t\t<\/p>\n\t<\/div>\n\t<div class=\"divider\">\n\t<\/div>\n\t<div class=\"divider-line\">\n\t<\/div>\n\t<h6>Ytterligare meddelande\n\t<\/h6>\n\t<p>H\u00e4r kan du ange ytterligare meddelande.\n\t<\/p>\n\t<div class=\"label-box-wrap\">\n\t\t<p><span class=\"wpcf7-form-control-wrap\" data-name=\"add-message\"><textarea cols=\"40\" rows=\"10\" class=\"wpcf7-form-control wpcf7-textarea input-custom input-custom--sm input-full\" aria-invalid=\"false\" placeholder=\"Meddelande\" name=\"add-message\"><\/textarea><\/span>\n\t\t<\/p>\n\t<\/div>\n\t<div class=\"divider\">\n\t<\/div>\n\t<div class=\"divider-line\">\n\t<\/div>\n\t<div class=\"divider\">\n\t<\/div>\n\t<p class=\"text-center defr-content\">Vi kommer att bekr\u00e4fta din servicef\u00f6rfr\u00e5gan inom 24 timmar. Tack s\u00e5 mycket!\n\t<\/p>\n\t<div class=\"text-center\">\n\t\t<p><input class=\"wpcf7-form-control wpcf7-submit has-spinner btn btn-wide\" type=\"submit\" value=\"BOKA NU\" \/>\n\t\t<\/p>\n\t<\/div>\n\t<div class=\"divider\">\n\t<\/div>\n\t<div class=\"successform text-center\">\n\t\t<div class=\"divider-line\">\n\t\t<\/div>\n\t\t<p>Tack f\u00f6r ditt meddelande. Den har skickats.\n\t\t<\/p>\n\t\t<div class=\"divider\">\n\t\t<\/div>\n\t<\/div>\n\t<div class=\"errorform text-center\">\n\t\t<div class=\"divider-line\">\n\t\t<\/div>\n\t\t<p>Det var ett problem. V\u00e4nligen f\u00f6rs\u00f6k igen senare eller ring oss p\u00e5 v\u00e5r telefon (+46) 073 409 13 82.\n\t\t<\/p>\n\t\t<div class=\"divider\">\n\t\t<\/div>\n\t<\/div>\n<\/div><div class=\"wpcf7-response-output\" aria-hidden=\"true\"><\/div>\n<\/form>\n<\/div>\n[\/vc_column_inner][\/vc_row_inner][\/vc_column][vc_column width=&#8221;1\/3&#8243;][vc_single_image image=&#8221;1254&#8243; img_size=&#8221;full&#8221;][\/vc_column][\/vc_row][vc_row el_class=&#8221;order-images&#8221;][vc_column][vc_row_inner][vc_column_inner width=&#8221;1\/6&#8243;][\/vc_column_inner][vc_column_inner el_class=&#8221;order-form-box select-wrapper-self&#8221; width=&#8221;2\/3&#8243;]\n<div class=\"wpcf7 no-js\" id=\"wpcf7-f797-o2\" lang=\"en-US\" dir=\"ltr\">\n<div class=\"screen-reader-response\"><p role=\"status\" aria-live=\"polite\" aria-atomic=\"true\"><\/p> <ul><\/ul><\/div>\n<form action=\"\/sv\/wp-json\/wp\/v2\/pages\/795#wpcf7-f797-o2\" method=\"post\" class=\"wpcf7-form init\" aria-label=\"Contact form\" novalidate=\"novalidate\" data-status=\"init\">\n<div style=\"display: none;\">\n<input type=\"hidden\" name=\"_wpcf7\" value=\"797\" \/>\n<input type=\"hidden\" name=\"_wpcf7_version\" value=\"5.9.5\" \/>\n<input type=\"hidden\" name=\"_wpcf7_locale\" value=\"en_US\" \/>\n<input type=\"hidden\" name=\"_wpcf7_unit_tag\" value=\"wpcf7-f797-o2\" \/>\n<input type=\"hidden\" name=\"_wpcf7_container_post\" value=\"0\" \/>\n<input type=\"hidden\" name=\"_wpcf7_posted_data_hash\" value=\"\" \/>\n<\/div>\n<div id=\"orderForm\" method=\"post\" novalidate=\"novalidate\">\n\t<h4>Boka din st\u00e4dservice i 60 sekunder\n\t<\/h4>\n\t<div class=\"divider-line\">\n\t<\/div>\n\t<div class=\"successform text-center\">\n\t\t<p>Tack f\u00f6r ditt meddelande. Den har skickats.\n\t\t<\/p>\n\t<\/div>\n\t<div class=\"errorform text-center\">\n\t\t<p>Det var ett problem. V\u00e4nligen f\u00f6rs\u00f6k igen senare eller ring oss p\u00e5 v\u00e5r telefon (+46) 073 409 13 82.\n\t\t<\/p>\n\t<\/div>\n\t<h6>Kontaktinformation\n\t<\/h6>\n\t<p> Denna information kommer att anv\u00e4ndas f\u00f6r att kontakta dig om din tj\u00e4nst.\n\t<\/p>\n\t<div class=\"row\">\n\t\t<div class=\"col-sm-6\">\n\t\t\t<p><span class=\"wpcf7-form-control-wrap\" data-name=\"your-name\"><input size=\"40\" class=\"wpcf7-form-control wpcf7-text wpcf7-validates-as-required input-custom input-custom--sm input-full\" aria-required=\"true\" aria-invalid=\"false\" placeholder=\"Ditt namn\" value=\"\" type=\"text\" name=\"your-name\" \/><\/span>\n\t\t\t<\/p>\n\t\t<\/div>\n\t\t<div class=\"col-sm-6\">\n\t\t\t<p><span class=\"wpcf7-form-control-wrap\" data-name=\"your-address\"><input size=\"40\" class=\"wpcf7-form-control wpcf7-text wpcf7-validates-as-required input-custom input-custom--sm input-full\" aria-required=\"true\" aria-invalid=\"false\" placeholder=\"Din Adress\" value=\"\" type=\"text\" name=\"your-address\" \/><\/span>\n\t\t\t<\/p>\n\t\t<\/div>\n\t<\/div>\n\t<div class=\"row\">\n\t\t<div class=\"col-sm-6\">\n\t\t\t<p><span class=\"wpcf7-form-control-wrap\" data-name=\"your-phone\"><input class=\"wpcf7-form-control wpcf7-number wpcf7-validates-as-required wpcf7-validates-as-number input-custom input-custom--sm input-full\" aria-required=\"true\" aria-invalid=\"false\" placeholder=\"Telefonnummer\" value=\"\" type=\"number\" name=\"your-phone\" \/><\/span>\n\t\t\t<\/p>\n\t\t<\/div>\n\t\t<div class=\"col-sm-6\">\n\t\t\t<p><span class=\"wpcf7-form-control-wrap\" data-name=\"your-email\"><input size=\"40\" class=\"wpcf7-form-control wpcf7-email wpcf7-validates-as-required wpcf7-text wpcf7-validates-as-email input-custom input-custom--sm input-full\" aria-required=\"true\" aria-invalid=\"false\" placeholder=\"E-post\" value=\"\" type=\"email\" name=\"your-email\" \/><\/span>\n\t\t\t<\/p>\n\t\t<\/div>\n\t<\/div>\n\t<div class=\"divider-line\">\n\t<\/div>\n\t<h6>Hem Information\n\t<\/h6>\n\t<p>Ber\u00e4tta om ditt hem\n\t<\/p>\n\t<div class=\"row\">\n\t\t<div class=\"col-sm-6\">\n\t\t\t<div class=\"qty-count qty-count--order\">\n\t\t\t\t<p><span class=\"count-reduce\">\u2013<\/span><br \/>\n<span class=\"wpcf7-form-control-wrap\" data-name=\"bedrooms\"><input size=\"40\" class=\"wpcf7-form-control wpcf7-text count-input\" aria-invalid=\"false\" placeholder=\"Sovrum\" value=\"\" type=\"text\" name=\"bedrooms\" \/><\/span><br \/>\n<span class=\"count-add\">+<\/span>\n\t\t\t\t<\/p>\n\t\t\t<\/div>\n\t\t\t<div class=\"text-center input-comment\">\n\t\t\t\t<p>(vardagsrum och k\u00f6k ing\u00e5r)\n\t\t\t\t<\/p>\n\t\t\t<\/div>\n\t\t<\/div>\n\t\t<div class=\"col-sm-6\">\n\t\t\t<div class=\"qty-count qty-count--order\">\n\t\t\t\t<p><span class=\"count-reduce\">-<\/span><br \/>\n<span class=\"wpcf7-form-control-wrap\" data-name=\"home-size\"><input size=\"40\" class=\"wpcf7-form-control wpcf7-text count-input\" aria-invalid=\"false\" placeholder=\"Hemstorlek\" value=\"\" type=\"text\" name=\"home-size\" \/><\/span><br \/>\n<span class=\"count-add\">+<\/span>\n\t\t\t\t<\/p>\n\t\t\t<\/div>\n\t\t\t<div class=\"text-center input-comment\">\n\t\t\t\t<p>(I kvadratmeter)\n\t\t\t\t<\/p>\n\t\t\t<\/div>\n\t\t<\/div>\n\t<\/div>\n\t<div class=\"divider-line\">\n\t<\/div>\n\t<h6>Tj\u00e4nsten beg\u00e4rd\n\t<\/h6>\n\t<div class=\"select-wrapper select-wrapper--sm\">\n\t\t<p><span class=\"wpcf7-form-control-wrap\" data-name=\"services\"><select class=\"wpcf7-form-control wpcf7-select wpcf7-validates-as-required input-custom input-custom--sm\" aria-required=\"true\" aria-invalid=\"false\" name=\"services\"><option value=\"St\u00e4dning av Hus och L\u00e4genhet\">St\u00e4dning av Hus och L\u00e4genhet<\/option><option value=\"Innan och Efter Ombyggnad\">Innan och Efter Ombyggnad<\/option><option value=\"Gardintv\u00e4tt\">Gardintv\u00e4tt<\/option><option value=\"F\u00f6nsterputs\">F\u00f6nsterputs<\/option><option value=\"St\u00e4dning av kontor och kommers\">St\u00e4dning av kontor och kommers<\/option><option value=\"Elektronik\u00e5tervinning\">Elektronik\u00e5tervinning<\/option><option value=\"Storst\u00e4dning\">Storst\u00e4dning<\/option><\/select><\/span>\n\t\t<\/p>\n\t<\/div>\n\t<div class=\"divider-line\">\n\t<\/div>\n\t<h6>Tj\u00e4nsten beg\u00e4rd\n\t<\/h6>\n\t<p>N\u00e4r vill du att vi ska komma?\n\t<\/p>\n\t<div class=\"row\">\n\t\t<div class=\"col-sm-4 col-md-5\">\n\t\t\t<div class=\"datetimepicker-wrap icon-time\">\n\t\t\t\t<p><span class=\"wpcf7-form-control-wrap\" data-name=\"deliverydate\"><input size=\"40\" class=\"wpcf7-form-control wpcf7-text form-control input-custom input-custom--sm datetimepicker\" aria-invalid=\"false\" value=\"\" type=\"text\" name=\"deliverydate\" \/><\/span>\n\t\t\t\t<\/p>\n\t\t\t<\/div>\n\t\t<\/div>\n\t\t<div class=\"col-sm-8 col-md-7 text-right select-wrapper-self text-center-xs\">\n\t\t\t<p><span class=\"hidden-xs\">Varje tid mellan &nbsp;<\/span>\n\t\t\t<\/p>\n\t\t\t<div class=\"select-wrapper select-wrapper--sm select-time\">\n\t\t\t\t<p><span class=\"wpcf7-form-control-wrap\" data-name=\"time1\"><select class=\"wpcf7-form-control wpcf7-select input-custom input-custom--sm\" aria-invalid=\"false\" name=\"time1\"><option value=\"8:00 AM\">8:00 AM<\/option><option value=\"9:00 AM\">9:00 AM<\/option><option value=\"10:00 AM\">10:00 AM<\/option><option value=\"11:00 AM\">11:00 AM<\/option><option value=\"12:00 AM\">12:00 AM<\/option><option value=\"01:00 PM\">01:00 PM<\/option><option value=\"02:00 PM\">02:00 PM<\/option><option value=\"03:00 PM\">03:00 PM<\/option><option value=\"04:00 PM\">04:00 PM<\/option><option value=\"05:00 PM\">05:00 PM<\/option><option value=\"06:00 PM\">06:00 PM<\/option><option value=\"07:00 PM\">07:00 PM<\/option><option value=\"08:00 PM\">08:00 PM<\/option><\/select><\/span>\n\t\t\t\t<\/p>\n\t\t\t<\/div>\n\t\t\t<p><span>&nbsp;-&nbsp;<\/span>\n\t\t\t<\/p>\n\t\t\t<div class=\"select-wrapper select-wrapper--sm select-time\">\n\t\t\t\t<p><span class=\"wpcf7-form-control-wrap\" data-name=\"time2\"><select class=\"wpcf7-form-control wpcf7-select input-custom input-custom--sm\" aria-invalid=\"false\" name=\"time2\"><option value=\"8:00 AM\">8:00 AM<\/option><option value=\"9:00 AM\">9:00 AM<\/option><option value=\"10:00 AM\">10:00 AM<\/option><option value=\"11:00 AM\">11:00 AM<\/option><option value=\"12:00 AM\">12:00 AM<\/option><option value=\"01:00 PM\">01:00 PM<\/option><option value=\"02:00 PM\">02:00 PM<\/option><option value=\"03:00 PM\">03:00 PM<\/option><option value=\"04:00 PM\">04:00 PM<\/option><option value=\"05:00 PM\">05:00 PM<\/option><option value=\"06:00 PM\">06:00 PM<\/option><option value=\"07:00 PM\">07:00 PM<\/option><option value=\"08:00 PM\">08:00 PM<\/option><\/select><\/span>\n\t\t\t\t<\/p>\n\t\t\t<\/div>\n\t\t<\/div>\n\t<\/div>\n\t<div class=\"divider-line\">\n\t<\/div>\n\t<h6>Hur ofta?\n\t<\/h6>\n\t<p>Definiera hur ofta du vill att vi ska utf\u00f6ra tj\u00e4nsten?\n\t<\/p>\n\t<div class=\"label-box-wrap\">\n\t\t<p><span class=\"wpcf7-form-control-wrap\" data-name=\"how-offten\"><input size=\"40\" class=\"wpcf7-form-control wpcf7-text input-custom input-custom--sm input-full\" aria-invalid=\"false\" placeholder=\"Hur ofta\" value=\"\" type=\"text\" name=\"how-offten\" \/><\/span>\n\t\t<\/p>\n\t<\/div>\n\t<div class=\"divider\">\n\t<\/div>\n\t<div class=\"divider-line\">\n\t<\/div>\n\t<h6>Ytterligare meddelande\n\t<\/h6>\n\t<p>H\u00e4r kan du ange ytterligare meddelande.\n\t<\/p>\n\t<div class=\"label-box-wrap\">\n\t\t<p><span class=\"wpcf7-form-control-wrap\" data-name=\"add-message\"><textarea cols=\"40\" rows=\"10\" class=\"wpcf7-form-control wpcf7-textarea input-custom input-custom--sm input-full\" aria-invalid=\"false\" placeholder=\"Meddelande\" name=\"add-message\"><\/textarea><\/span>\n\t\t<\/p>\n\t<\/div>\n\t<div class=\"divider\">\n\t<\/div>\n\t<div class=\"divider-line\">\n\t<\/div>\n\t<div class=\"divider\">\n\t<\/div>\n\t<p class=\"text-center defr-content\">Vi kommer att bekr\u00e4fta din servicef\u00f6rfr\u00e5gan inom 24 timmar. Tack s\u00e5 mycket!\n\t<\/p>\n\t<div class=\"text-center\">\n\t\t<p><input class=\"wpcf7-form-control wpcf7-submit has-spinner btn btn-wide\" type=\"submit\" value=\"BOKA NU\" \/>\n\t\t<\/p>\n\t<\/div>\n\t<div class=\"divider\">\n\t<\/div>\n\t<div class=\"successform text-center\">\n\t\t<div class=\"divider-line\">\n\t\t<\/div>\n\t\t<p>Tack f\u00f6r ditt meddelande. Den har skickats.\n\t\t<\/p>\n\t\t<div class=\"divider\">\n\t\t<\/div>\n\t<\/div>\n\t<div class=\"errorform text-center\">\n\t\t<div class=\"divider-line\">\n\t\t<\/div>\n\t\t<p>Det var ett problem. V\u00e4nligen f\u00f6rs\u00f6k igen senare eller ring oss p\u00e5 v\u00e5r telefon (+46) 073 409 13 82.\n\t\t<\/p>\n\t\t<div class=\"divider\">\n\t\t<\/div>\n\t<\/div>\n<\/div><div class=\"wpcf7-response-output\" aria-hidden=\"true\"><\/div>\n<\/form>\n<\/div>\n[\/vc_column_inner][vc_column_inner width=&#8221;1\/6&#8243;][\/vc_column_inner][\/vc_row_inner][\/vc_column][\/vc_row]<\/p>\n<\/div>","protected":false},"excerpt":{"rendered":"<p>[vc_row disable_element=&#8221;yes&#8221; el_class=&#8221;order-images&#8221;][vc_column width=&#8221;2\/3&#8243;][vc_row_inner][vc_column_inner el_class=&#8221;order-form-box select-wrapper-self&#8221;][\/vc_column_inner][\/vc_row_inner][\/vc_column][vc_column width=&#8221;1\/3&#8243;][vc_single_image image=&#8221;1254&#8243; img_size=&#8221;full&#8221;][\/vc_column][\/vc_row][vc_row el_class=&#8221;order-images&#8221;][vc_column][vc_row_inner][vc_column_inner width=&#8221;1\/6&#8243;][\/vc_column_inner][vc_column_inner el_class=&#8221;order-form-box select-wrapper-self&#8221; width=&#8221;2\/3&#8243;][\/vc_column_inner][vc_column_inner width=&#8221;1\/6&#8243;][\/vc_column_inner][\/vc_row_inner][\/vc_column][\/vc_row]<\/p>\n","protected":false},"author":1,"featured_media":0,"parent":0,"menu_order":0,"comment_status":"closed","ping_status":"closed","template":"","meta":{"footnotes":""},"class_list":["post-795","page","type-page","status-publish","hentry"],"aioseo_notices":[],"_links":{"self":[{"href":"https:\/\/cleaningfairy.se\/sv\/wp-json\/wp\/v2\/pages\/795","targetHints":{"allow":["GET"]}}],"collection":[{"href":"https:\/\/cleaningfairy.se\/sv\/wp-json\/wp\/v2\/pages"}],"about":[{"href":"https:\/\/cleaningfairy.se\/sv\/wp-json\/wp\/v2\/types\/page"}],"author":[{"embeddable":true,"href":"https:\/\/cleaningfairy.se\/sv\/wp-json\/wp\/v2\/users\/1"}],"replies":[{"embeddable":true,"href":"https:\/\/cleaningfairy.se\/sv\/wp-json\/wp\/v2\/comments?post=795"}],"version-history":[{"count":27,"href":"https:\/\/cleaningfairy.se\/sv\/wp-json\/wp\/v2\/pages\/795\/revisions"}],"predecessor-version":[{"id":1490,"href":"https:\/\/cleaningfairy.se\/sv\/wp-json\/wp\/v2\/pages\/795\/revisions\/1490"}],"wp:attachment":[{"href":"https:\/\/cleaningfairy.se\/sv\/wp-json\/wp\/v2\/media?parent=795"}],"curies":[{"name":"wp","href":"https:\/\/api.w.org\/{rel}","templated":true}]}}