{"id":302,"date":"2017-06-21T05:00:59","date_gmt":"2017-06-21T05:00:59","guid":{"rendered":"http:\/\/smartdata.tonytemplates.com\/cleaning-service\/?page_id=302"},"modified":"2025-04-16T22:23:23","modified_gmt":"2025-04-16T22:23:23","slug":"contacts","status":"publish","type":"page","link":"https:\/\/cleaningfairy.se\/sv\/contacts\/","title":{"rendered":"Kontakter"},"content":{"rendered":"<div class=\"wpb-content-wrapper\"><p>[vc_row full_width=&#8221;stretch_row_content_no_spaces&#8221; css=&#8221;.vc_custom_1542835312064{margin-top: -30px !important;margin-bottom: 70px !important;}&#8221;][vc_column][vc_column_text]<\/p>\n<h1 class=\"text-center h-decor\">Kontakta oss<\/h1>\n<p>[\/vc_column_text][vc_raw_html css=&#8221;&#8221;]JTNDaWZyYW1lJTIwc3JjJTNEJTIyaHR0cHMlM0ElMkYlMkZ3d3cuZ29vZ2xlLmNvbSUyRm1hcHMlMkZlbWJlZCUzRnBiJTNEJTIxMW0xOCUyMTFtMTIlMjExbTMlMjExZDQwNjUuMzQ3NzEzNzI1NzUwNSUyMTJkMTcuODM2MjIwNzU2NDk1MjQlMjEzZDU5LjM3MTc4MTk3NDYzNDgxNCUyMTJtMyUyMTFmMCUyMTJmMCUyMTNmMCUyMTNtMiUyMTFpMTAyNCUyMTJpNzY4JTIxNGYxMy4xJTIxM20zJTIxMW0yJTIxMXMweDQ2NWY5ZmU4MTZkYjRjZmIlMjUzQTB4OGIxOTBlZGI4ODQ3YTczMyUyMTJzQXN0cmFrYW5nYXRhbiUyNTIwODUlMjUyQyUyNTIwMTY1JTI1MjA1MiUyNTIwSCUyNUMzJTI1QTRzc2VsYnklMjUyQyUyNTIwU2Nod2VkZW4lMjE1ZTAlMjEzbTIlMjExc2RlJTIxMnNkZSUyMTR2MTc0NDg0MjA5MjM1NCUyMTVtMiUyMTFzZGUlMjEyc2RlJTIyJTIwd2lkdGglM0QlMjIxMDAlMjUlMjIlMjBoZWlnaHQlM0QlMjI0NTAlMjIlMjBmcmFtZWJvcmRlciUzRCUyMjAlMjIlMjBzdHlsZSUzRCUyMmJvcmRlciUzQTAlMjIlMjBhbGxvd2Z1bGxzY3JlZW4lM0UlM0MlMkZpZnJhbWUlM0U=[\/vc_raw_html][\/vc_column][\/vc_row][vc_row full_width=&#8221;stretch_row_content_no_spaces&#8221; disable_element=&#8221;yes&#8221; css=&#8221;.vc_custom_1542835259959{margin-top: -30px !important;margin-bottom: 70px !important;}&#8221;][vc_column][vc_column_text]<\/p>\n<h1 class=\"text-center h-decor\">Contact Us<\/h1>\n<p>[\/vc_column_text]        <!-- Slider -->\r\n\r\n        <div id=\"googleMap\" class=\"google-map \">\r\n        <\/div>\r\n      <!-- Google map -->\r\n    <script type=\"text\/javascript\" src=\"https:\/\/maps.googleapis.com\/maps\/api\/js?sensor=false&key=AIzaSyBZRnOxFK9aKakyNAi5MBQuZw-P3UW8moU\"><\/script>\r\n    <script type=\"text\/javascript\">\r\n\r\n        \/\/ When the window has finished loading create our google map below\r\n        google.maps.event.addDomListener(window, 'load', init);\r\n\r\n        function init() {\r\n            \/\/ Basic options for a simple Google Map\r\n            \/\/ For more options see: https:\/\/developers.google.com\/maps\/documentation\/javascript\/reference#MapOptions\r\n            var mapOptions = {\r\n                \/\/ How zoomed in you want the map to start at (always required)\r\n                zoom: 14,\r\n                \/\/ The latitude and longitude to center the map (always required)\r\n                center: new google.maps.LatLng(37.36274700000004, -122.0352530000000), \/\/ New York\r\n\r\n                \/\/ How you would like to style the map. \r\n                \/\/ This is where you would paste any style found on Snazzy Maps.\r\n                styles: [{\r\n                        \"featureType\": \"water\",\r\n                        \"elementType\": \"geometry\",\r\n                        \"stylers\": [{\r\n                                \"color\": \"#e9e9e9\"\r\n                            }, {\r\n                                \"lightness\": 17\r\n                            }]\r\n                    }, {\r\n                        \"featureType\": \"landscape\",\r\n                        \"elementType\": \"geometry\",\r\n                        \"stylers\": [{\r\n                                \"color\": \"#f5f5f5\"\r\n                            }, {\r\n                                \"lightness\": 20\r\n                            }]\r\n                    }, {\r\n                        \"featureType\": \"road.highway\",\r\n                        \"elementType\": \"geometry.fill\",\r\n                        \"stylers\": [{\r\n                                \"color\": \"#ffffff\"\r\n                            }, {\r\n                                \"lightness\": 17\r\n                            }]\r\n                    }, {\r\n                        \"featureType\": \"road.highway\",\r\n                        \"elementType\": \"geometry.stroke\",\r\n                        \"stylers\": [{\r\n                                \"color\": \"#ffffff\"\r\n                            }, {\r\n                                \"lightness\": 29\r\n                            }, {\r\n                                \"weight\": 0.2\r\n                            }]\r\n                    }, {\r\n                        \"featureType\": \"road.arterial\",\r\n                        \"elementType\": \"geometry\",\r\n                        \"stylers\": [{\r\n                                \"color\": \"#ffffff\"\r\n                            }, {\r\n                                \"lightness\": 18\r\n                            }]\r\n                    }, {\r\n                        \"featureType\": \"road.local\",\r\n                        \"elementType\": \"geometry\",\r\n                        \"stylers\": [{\r\n                                \"color\": \"#ffffff\"\r\n                            }, {\r\n                                \"lightness\": 16\r\n                            }]\r\n                    }, {\r\n                        \"featureType\": \"poi\",\r\n                        \"elementType\": \"geometry\",\r\n                        \"stylers\": [{\r\n                                \"color\": \"#f5f5f5\"\r\n                            }, {\r\n                                \"lightness\": 21\r\n                            }]\r\n                    }, {\r\n                        \"featureType\": \"poi.park\",\r\n                        \"elementType\": \"geometry\",\r\n                        \"stylers\": [{\r\n                                \"color\": \"#dedede\"\r\n                            }, {\r\n                                \"lightness\": 21\r\n                            }]\r\n                    }, {\r\n                        \"elementType\": \"labels.text.stroke\",\r\n                        \"stylers\": [{\r\n                                \"visibility\": \"on\"\r\n                            }, {\r\n                                \"color\": \"#ffffff\"\r\n                            }, {\r\n                                \"lightness\": 16\r\n                            }]\r\n                    }, {\r\n                        \"elementType\": \"labels.text.fill\",\r\n                        \"stylers\": [{\r\n                                \"saturation\": 36\r\n                            }, {\r\n                                \"color\": \"#333333\"\r\n                            }, {\r\n                                \"lightness\": 40\r\n                            }]\r\n                    }, {\r\n                        \"elementType\": \"labels.icon\",\r\n                        \"stylers\": [{\r\n                                \"visibility\": \"off\"\r\n                            }]\r\n                    }, {\r\n                        \"featureType\": \"transit\",\r\n                        \"elementType\": \"geometry\",\r\n                        \"stylers\": [{\r\n                                \"color\": \"#f2f2f2\"\r\n                            }, {\r\n                                \"lightness\": 19\r\n                            }]\r\n                    }, {\r\n                        \"featureType\": \"administrative\",\r\n                        \"elementType\": \"geometry.fill\",\r\n                        \"stylers\": [{\r\n                                \"color\": \"#fefefe\"\r\n                            }, {\r\n                                \"lightness\": 20\r\n                            }]\r\n                    }, {\r\n                        \"featureType\": \"administrative\",\r\n                        \"elementType\": \"geometry.stroke\",\r\n                        \"stylers\": [{\r\n                                \"color\": \"#fefefe\"\r\n                            }, {\r\n                                \"lightness\": 17\r\n                            }, {\r\n                                \"weight\": 1.2\r\n                            }]\r\n                    }]\r\n            };\r\n            \/\/ Get the HTML DOM element that will contain your map \r\n            \/\/ We are using a div with id=\"map\" seen below in the <body>\r\n            var mapElement = document.getElementById('googleMap');\r\n            \/\/ Create the Google Map using our element and options defined above\r\n            var map = new google.maps.Map(mapElement, mapOptions);\r\n            var image = \"https:\/\/cleaningfairy.se\/wp-content\/uploads\/2017\/06\/map-marker.png\";\r\n            \/\/ Let's also add a marker while we're at it\r\n            \/\/ Let's also add a marker while we're at it\r\n            var marker = new google.maps.Marker({\r\n                position: new google.maps.LatLng(37.36274700000004, -122.0352530000000),\r\n                map: map,\r\n                \/\/title: ''\r\n                icon: image\r\n            });\r\n        }\r\n    <\/script>\r\n        [\/vc_column][\/vc_row][vc_row el_class=&#8221;Contact-pages-1&#8243;][vc_column width=&#8221;1\/3&#8243; el_class=&#8221;side-contact-1&#8243;][vc_widget_sidebar sidebar_id=&#8221;contact_list&#8221; title=&#8221;Generalkontor&#8221;][\/vc_column][vc_column width=&#8221;2\/3&#8243; el_class=&#8221;side-contact-2&#8243;][vc_column_text]<\/p>\n<h2 class=\"text-center h-lg h-decor\">Kontakta oss<\/h2>\n<p>[\/vc_column_text]\n<div class=\"wpcf7 no-js\" id=\"wpcf7-f1473-o2\" lang=\"en-US\" dir=\"ltr\">\n<div class=\"screen-reader-response\"><p role=\"status\" aria-live=\"polite\" aria-atomic=\"true\"><\/p> <ul><\/ul><\/div>\n<form action=\"\/sv\/wp-json\/wp\/v2\/pages\/302#wpcf7-f1473-o2\" method=\"post\" class=\"wpcf7-form init\" aria-label=\"Contact form\" novalidate=\"novalidate\" data-status=\"init\">\n<div style=\"display: none;\">\n<input type=\"hidden\" name=\"_wpcf7\" value=\"1473\" \/>\n<input type=\"hidden\" name=\"_wpcf7_version\" value=\"5.9.5\" \/>\n<input type=\"hidden\" name=\"_wpcf7_locale\" value=\"en_US\" \/>\n<input type=\"hidden\" name=\"_wpcf7_unit_tag\" value=\"wpcf7-f1473-o2\" \/>\n<input type=\"hidden\" name=\"_wpcf7_container_post\" value=\"0\" \/>\n<input type=\"hidden\" name=\"_wpcf7_posted_data_hash\" value=\"\" \/>\n<\/div>\n<div class=\"contact-form\" id=\"contactForm\" method=\"post\" novalidate=\"novalidate\" _lpchecked=\"1\">\n\t<div class=\"successform text-center\">\n\t\t<p>Your message was sent successfully!\n\t\t<\/p>\n\t<\/div>\n\t<div class=\"errorform text-center\">\n\t\t<p>Something went wrong, try refreshing and submitting the form again.\n\t\t<\/p>\n\t<\/div>\n\t<div class=\"input-wrapper\">\n\t\t<p><span class=\"wpcf7-form-control-wrap\" data-name=\"your-name\"><input size=\"40\" class=\"wpcf7-form-control wpcf7-text wpcf7-validates-as-required form-control input-custom\" aria-required=\"true\" aria-invalid=\"false\" placeholder=\"Ditt namm\" value=\"\" type=\"text\" name=\"your-name\" \/><\/span>\n\t\t<\/p>\n\t<\/div>\n\t<div class=\"input-wrapper\">\n\t\t<p><span class=\"wpcf7-form-control-wrap\" data-name=\"your-email\"><input size=\"40\" class=\"wpcf7-form-control wpcf7-email wpcf7-validates-as-required wpcf7-text wpcf7-validates-as-email form-control input-custom\" aria-required=\"true\" aria-invalid=\"false\" placeholder=\"E-post\" value=\"\" type=\"email\" name=\"your-email\" \/><\/span>\n\t\t<\/p>\n\t<\/div>\n\t<div class=\"input-wrapper\">\n\t\t<p><span class=\"wpcf7-form-control-wrap\" data-name=\"your-message\"><textarea cols=\"40\" rows=\"10\" class=\"wpcf7-form-control wpcf7-textarea wpcf7-validates-as-required form-control textarea-custom\" aria-required=\"true\" aria-invalid=\"false\" placeholder=\"Meddelande\" name=\"your-message\"><\/textarea><\/span>\n\t\t<\/p>\n\t<\/div>\n\t<div class=\"text-center\">\n\t\t<p><input class=\"wpcf7-form-control wpcf7-submit has-spinner btn\" type=\"submit\" value=\"Skicka meddelande\" \/>\n\t\t<\/p>\n\t<\/div>\n\t<div style=\"margin-top:15px; font-size:13px\">\n\t\t<p>*Om du inte har f\u00e5tt svar fr\u00e5n oss inom 48 timmar, ber vi dig v\u00e4nligen att skicka ett SMS eller ringa oss. Ibland kan v\u00e5ra mejl hamna i skr\u00e4ppostmappen.\n\t\t<\/p>\n\t<\/div>\n<\/div><div class=\"wpcf7-response-output\" aria-hidden=\"true\"><\/div>\n<\/form>\n<\/div>\n[\/vc_column][\/vc_row]<\/p>\n<\/div>","protected":false},"excerpt":{"rendered":"<p>[vc_row full_width=&#8221;stretch_row_content_no_spaces&#8221; css=&#8221;.vc_custom_1542835312064{margin-top: -30px !important;margin-bottom: 70px !important;}&#8221;][vc_column][vc_column_text] Kontakta oss [\/vc_column_text][vc_raw_html css=&#8221;&#8221;]JTNDaWZyYW1lJTIwc3JjJTNEJTIyaHR0cHMlM0ElMkYlMkZ3d3cuZ29vZ2xlLmNvbSUyRm1hcHMlMkZlbWJlZCUzRnBiJTNEJTIxMW0xOCUyMTFtMTIlMjExbTMlMjExZDQwNjUuMzQ3NzEzNzI1NzUwNSUyMTJkMTcuODM2MjIwNzU2NDk1MjQlMjEzZDU5LjM3MTc4MTk3NDYzNDgxNCUyMTJtMyUyMTFmMCUyMTJmMCUyMTNmMCUyMTNtMiUyMTFpMTAyNCUyMTJpNzY4JTIxNGYxMy4xJTIxM20zJTIxMW0yJTIxMXMweDQ2NWY5ZmU4MTZkYjRjZmIlMjUzQTB4OGIxOTBlZGI4ODQ3YTczMyUyMTJzQXN0cmFrYW5nYXRhbiUyNTIwODUlMjUyQyUyNTIwMTY1JTI1MjA1MiUyNTIwSCUyNUMzJTI1QTRzc2VsYnklMjUyQyUyNTIwU2Nod2VkZW4lMjE1ZTAlMjEzbTIlMjExc2RlJTIxMnNkZSUyMTR2MTc0NDg0MjA5MjM1NCUyMTVtMiUyMTFzZGUlMjEyc2RlJTIyJTIwd2lkdGglM0QlMjIxMDAlMjUlMjIlMjBoZWlnaHQlM0QlMjI0NTAlMjIlMjBmcmFtZWJvcmRlciUzRCUyMjAlMjIlMjBzdHlsZSUzRCUyMmJvcmRlciUzQTAlMjIlMjBhbGxvd2Z1bGxzY3JlZW4lM0UlM0MlMkZpZnJhbWUlM0U=[\/vc_raw_html][\/vc_column][\/vc_row][vc_row full_width=&#8221;stretch_row_content_no_spaces&#8221; disable_element=&#8221;yes&#8221; css=&#8221;.vc_custom_1542835259959{margin-top: -30px !important;margin-bottom: 70px !important;}&#8221;][vc_column][vc_column_text] Contact Us [\/vc_column_text][\/vc_column][\/vc_row][vc_row el_class=&#8221;Contact-pages-1&#8243;][vc_column width=&#8221;1\/3&#8243; el_class=&#8221;side-contact-1&#8243;][vc_widget_sidebar sidebar_id=&#8221;contact_list&#8221; title=&#8221;Generalkontor&#8221;][\/vc_column][vc_column width=&#8221;2\/3&#8243; el_class=&#8221;side-contact-2&#8243;][vc_column_text] Kontakta oss [\/vc_column_text][\/vc_column][\/vc_row]<\/p>\n","protected":false},"author":1,"featured_media":0,"parent":0,"menu_order":0,"comment_status":"closed","ping_status":"closed","template":"","meta":{"footnotes":""},"class_list":["post-302","page","type-page","status-publish","hentry"],"aioseo_notices":[],"_links":{"self":[{"href":"https:\/\/cleaningfairy.se\/sv\/wp-json\/wp\/v2\/pages\/302","targetHints":{"allow":["GET"]}}],"collection":[{"href":"https:\/\/cleaningfairy.se\/sv\/wp-json\/wp\/v2\/pages"}],"about":[{"href":"https:\/\/cleaningfairy.se\/sv\/wp-json\/wp\/v2\/types\/page"}],"author":[{"embeddable":true,"href":"https:\/\/cleaningfairy.se\/sv\/wp-json\/wp\/v2\/users\/1"}],"replies":[{"embeddable":true,"href":"https:\/\/cleaningfairy.se\/sv\/wp-json\/wp\/v2\/comments?post=302"}],"version-history":[{"count":13,"href":"https:\/\/cleaningfairy.se\/sv\/wp-json\/wp\/v2\/pages\/302\/revisions"}],"predecessor-version":[{"id":1584,"href":"https:\/\/cleaningfairy.se\/sv\/wp-json\/wp\/v2\/pages\/302\/revisions\/1584"}],"wp:attachment":[{"href":"https:\/\/cleaningfairy.se\/sv\/wp-json\/wp\/v2\/media?parent=302"}],"curies":[{"name":"wp","href":"https:\/\/api.w.org\/{rel}","templated":true}]}}