{"id":294,"date":"2017-06-21T04:59:50","date_gmt":"2017-06-21T04:59:50","guid":{"rendered":"http:\/\/smartdata.tonytemplates.com\/cleaning-service\/?page_id=294"},"modified":"2018-11-03T10:48:24","modified_gmt":"2018-11-03T10:48:24","slug":"faqs","status":"publish","type":"page","link":"https:\/\/cleaningfairy.se\/sv\/faqs\/","title":{"rendered":"Faqs"},"content":{"rendered":"<div class=\"wpb-content-wrapper\"><p>[vc_row][vc_column][vc_column_text css=&#8221;.vc_custom_1541241525466{margin-top: -24px !important;margin-bottom: 28px !important;}&#8221;]<\/p>\n<h1 class=\"text-center h-decor\">Fr\u00e5gor och Svar<\/h1>\n<p class=\"text-center\">M\u00e5nga kunder har fr\u00e5gor om v\u00e5ra specifika tj\u00e4nster. H\u00e4r \u00e4r n\u00e5gra av de vanligaste fr\u00e5gorna.<\/p>\n<div class=\"divider\"><\/div>\n<p>[\/vc_column_text][\/vc_column][\/vc_row][vc_row el_class=&#8221;cleaning-faq-text&#8221;][vc_column][vc_column_text css=&#8221;.vc_custom_1541241566573{padding-bottom: 20px !important;}&#8221;]<\/p>\n<h2 class=\"text-center\">Allm\u00e4nna fr\u00e5gor<\/h2>\n<p>[\/vc_column_text][vc_toggle title=&#8221;Hur f\u00e5r jag en offert?&#8221;]Skriv bara in din information i r\u00e4knaren s\u00e5 justeras din offert automatiskt.[\/vc_toggle][vc_toggle title=&#8221;Kommer jag att faktureras enligt offerten \u00e4ven om det visar sig att det g\u00e5r fortare att st\u00e4da \u00e4n ber\u00e4knat?&#8221;]Nej, du faktureras endast f\u00f6r den tid som din st\u00e4dare var hos dig.[\/vc_toggle][vc_toggle title=&#8221;M\u00e5ste n\u00e5gon komma till mig innan jag bokar ett bes\u00f6k?&#8221;]Nej, du kan f\u00e5 en offert och boka ditt bes\u00f6k online eller via telefon. Det tar ungef\u00e4r en minut. Men om du vill tr\u00e4ffa oss kommer vi g\u00e4rna f\u00f6rbi.<\/p>\n<p>Det enda undantaget \u00e4r om du vill att vi st\u00e4dar n\u00e4r du inte \u00e4r hemma, d\u00e5 beh\u00f6ver vi dina nycklar i f\u00f6rv\u00e4g.[\/vc_toggle][vc_toggle title=&#8221;\u00c4r st\u00e4dutrustning inkluderad?&#8221;]St\u00e4dutrustning \u00e4r alltid inkluderad. Vi kan sj\u00e4lvklart st\u00e4da med din utrustning om du f\u00f6redrar det.[\/vc_toggle][vc_toggle title=&#8221;Vad h\u00e4nder om jag inte \u00e4r n\u00f6jd med st\u00e4dningen?&#8221;]Kontakta oss omg\u00e5ende s\u00e5 vidtar vi \u00e5tg\u00e4rder f\u00f6r att st\u00e4lla det tillr\u00e4tta. Din n\u00f6jdhet \u00e4r garanterad! Du beh\u00f6ver endast kontakta oss inom 24 timmar efter bes\u00f6ket s\u00e5 st\u00e4dar vi om eller ger dig pengarna tillbaka.[\/vc_toggle][\/vc_column][\/vc_row][vc_row el_class=&#8221;cleaning-faq-text&#8221;][vc_column][vc_column_text]<\/p>\n<h2 class=\"text-center\">Schemal\u00e4ggningsfr\u00e5gor<\/h2>\n<p>[\/vc_column_text][vc_toggle title=&#8221;Kan jag boka ett bes\u00f6k samma dag?&#8221;]Vi garanterar inte bokningar som g\u00f6rs samma dag. Men beroende p\u00e5 vilken dag det \u00e4r kan vi oftast tillgodose \u00f6nskem\u00e5let.[\/vc_toggle][vc_toggle title=&#8221;Beh\u00f6ver jag vara hemma vid st\u00e4dbes\u00f6ket?&#8221;]Det \u00e4r helt upp till dig. Om du inte t\u00e4nker vara hemma kommer vi att beh\u00f6va tr\u00e4ffas i f\u00f6rv\u00e4g s\u00e5 att vi kan komma in.[\/vc_toggle][vc_toggle title=&#8221;Kommer min st\u00e4dare vid exakt den tidpunkt jag bokar?&#8221;]Ja, f\u00f6r det mesta. Vi till\u00e5ter ett f\u00f6nster p\u00e5 en timme p\u00e5 grund av trafik. Om din st\u00e4dare \u00e4r sen kommer du att kontaktas omg\u00e5ende.[\/vc_toggle][vc_toggle title=&#8221;N\u00e4r faktureras tj\u00e4nsten?&#8221;]Du faktureras f\u00f6rst efter att st\u00e4dningen utf\u00f6rts. Din faktura kommer endast att \u00e5terspegla den tid som din st\u00e4dare var hos dig. D\u00e4refter har du 30 dagar p\u00e5 dig att betala din faktura.[\/vc_toggle][vc_toggle title=&#8221;Finns det n\u00e5gra \u00e5taganden eller kontrakt?&#8221;]Du m\u00e5ste avboka\/omboka ditt bes\u00f6k minst 24 timmar i f\u00f6rv\u00e4g. Om v\u00e5r st\u00e4dare kommer till dig och du inte har avbokat\/ombokat bes\u00f6ket kommer vi att fakturera en timmes st\u00e4dning f\u00f6r att kompensera f\u00f6rlorad restid etc.[\/vc_toggle][\/vc_column][\/vc_row][vc_row el_class=&#8221;cleaning-faq-text margin-bottom-75&#8243;][vc_column][vc_column_text]<\/p>\n<h2 class=\"text-center\">St\u00e4dningsfr\u00e5gor<\/h2>\n<p>[\/vc_column_text][vc_toggle title=&#8221;Vila tj\u00e4nster erbjuder ni?&#8221;]Vi erbjuder en rad tj\u00e4nster s\u00e5 som st\u00e4dning av hus och l\u00e4genhet, st\u00e4dning innan eller efter ombyggnad, flyttst\u00e4dning och mycket mer. Du kan se alla v\u00e5ra tj\u00e4nster under \u201dV\u00e5ra Tj\u00e4nster\u201d p\u00e5 v\u00e5r f\u00f6rstasida.[\/vc_toggle][vc_toggle title=&#8221;Hur manga st\u00e4dare skickar ni?&#8221;]Vi skickar endast en st\u00e4dare. Om du har regelbunden st\u00e4dning kommer vi att g\u00f6ra v\u00e5rt yttersta f\u00f6r att samma person ska komma varje g\u00e5ng.<\/p>\n<p>Om du beh\u00f6ver flera st\u00e4dare eller om du har en deadline kan vi skicka fler st\u00e4dare mot en extra avgift. Om s\u00e5 \u00e4r fallet, ring oss g\u00e4rna eller skriv det i kommentarsf\u00e4ltet i din onlinebokning.[\/vc_toggle][vc_toggle title=&#8221;Hur p\u00e5verkar till\u00e4ggstj\u00e4nster min faktura?&#8221;]Du kan l\u00e4gga till tj\u00e4nster till ditt ordinarie st\u00e4ddagsbes\u00f6k. Meddela oss bara senast 24 timmar innan bes\u00f6ket. Timpriset kommer inte att p\u00e5verkas, vi kommer endast att beh\u00f6va mer tid f\u00f6r bes\u00f6ket och justerar offerten d\u00e4refter.[\/vc_toggle][\/vc_column][\/vc_row]<\/p>\n<\/div>","protected":false},"excerpt":{"rendered":"<p>[vc_row][vc_column][vc_column_text css=&#8221;.vc_custom_1541241525466{margin-top: -24px !important;margin-bottom: 28px !important;}&#8221;] Fr\u00e5gor och Svar M\u00e5nga kunder har fr\u00e5gor om v\u00e5ra specifika tj\u00e4nster. H\u00e4r \u00e4r n\u00e5gra av de vanligaste fr\u00e5gorna. [\/vc_column_text][\/vc_column][\/vc_row][vc_row el_class=&#8221;cleaning-faq-text&#8221;][vc_column][vc_column_text css=&#8221;.vc_custom_1541241566573{padding-bottom: 20px !important;}&#8221;] Allm\u00e4nna fr\u00e5gor [\/vc_column_text][vc_toggle title=&#8221;Hur f\u00e5r jag en offert?&#8221;]Skriv bara in din information i r\u00e4knaren s\u00e5 justeras din offert automatiskt.[\/vc_toggle][vc_toggle title=&#8221;Kommer jag att faktureras enligt offerten \u00e4ven [&hellip;]<\/p>\n","protected":false},"author":1,"featured_media":0,"parent":0,"menu_order":0,"comment_status":"closed","ping_status":"closed","template":"","meta":{"footnotes":""},"class_list":["post-294","page","type-page","status-publish","hentry"],"aioseo_notices":[],"_links":{"self":[{"href":"https:\/\/cleaningfairy.se\/sv\/wp-json\/wp\/v2\/pages\/294","targetHints":{"allow":["GET"]}}],"collection":[{"href":"https:\/\/cleaningfairy.se\/sv\/wp-json\/wp\/v2\/pages"}],"about":[{"href":"https:\/\/cleaningfairy.se\/sv\/wp-json\/wp\/v2\/types\/page"}],"author":[{"embeddable":true,"href":"https:\/\/cleaningfairy.se\/sv\/wp-json\/wp\/v2\/users\/1"}],"replies":[{"embeddable":true,"href":"https:\/\/cleaningfairy.se\/sv\/wp-json\/wp\/v2\/comments?post=294"}],"version-history":[{"count":6,"href":"https:\/\/cleaningfairy.se\/sv\/wp-json\/wp\/v2\/pages\/294\/revisions"}],"predecessor-version":[{"id":1386,"href":"https:\/\/cleaningfairy.se\/sv\/wp-json\/wp\/v2\/pages\/294\/revisions\/1386"}],"wp:attachment":[{"href":"https:\/\/cleaningfairy.se\/sv\/wp-json\/wp\/v2\/media?parent=294"}],"curies":[{"name":"wp","href":"https:\/\/api.w.org\/{rel}","templated":true}]}}