{"id":290,"date":"2017-06-21T04:59:10","date_gmt":"2017-06-21T04:59:10","guid":{"rendered":"http:\/\/smartdata.tonytemplates.com\/cleaning-service\/?page_id=290"},"modified":"2024-10-02T10:43:57","modified_gmt":"2024-10-02T10:43:57","slug":"about-us","status":"publish","type":"page","link":"https:\/\/cleaningfairy.se\/sv\/about-us\/","title":{"rendered":"About Us"},"content":{"rendered":"<div class=\"wpb-content-wrapper\"><p>[vc_row css=&#8221;.vc_custom_1517547723395{margin-top: -25px !important;}&#8221;][vc_column][vc_column_text]<\/p>\n<h1 class=\"text-center h-decor\">Om V\u00e5rt F\u00f6retag<\/h1>\n<p>[\/vc_column_text][\/vc_column][\/vc_row][vc_row full_width=&#8221;stretch_row_content_no_spaces&#8221; css=&#8221;.vc_custom_1517543773820{background-color: #f6f6f7 !important;}&#8221; el_class=&#8221;about-top-txt row-flex-text&#8221;][vc_column width=&#8221;1\/2&#8243;][vc_single_image image=&#8221;1241&#8243; img_size=&#8221;full&#8221; css=&#8221;.vc_custom_1538819793476{margin-bottom: 0px !important;}&#8221;][\/vc_column][vc_column width=&#8221;1\/2&#8243; el_class=&#8221;bg-text&#8221;][vc_column_text el_class=&#8221;col-50 ab-pages&#8221; css=&#8221;.vc_custom_1541180472405{margin-bottom: 0px !important;}&#8221;]<\/p>\n<div class=\"bg-text-inside\">\n<h3>Vi str\u00e4var efter att vara de b\u00e4sta st\u00e4darna Sverige har att erbjuda!<\/h3>\n<p>V\u00e5rt st\u00e4df\u00f6retag tillhandah\u00e5ller omfattande, h\u00f6gkvalitativa, p\u00e5litliga st\u00e4dtj\u00e4nster till f\u00f6retag och privatpersoner.<\/p>\n<p>V\u00e5r h\u00e4ngivenhet och arbetsmoral styr v\u00e5r f\u00f6retagsfilosofi. Vi levererar konsekvent st\u00e4dtj\u00e4nster av h\u00f6g kvalitet. Genom att erbjuda v\u00e5ra kunder direktkontakt med v\u00e5ra grundare g\u00f6r vi f\u00f6retagsledningen direkt ansvariga f\u00f6r kundn\u00f6jdheten.<\/p>\n<\/div>\n<p>[\/vc_column_text][\/vc_column][\/vc_row][vc_row][vc_column][vc_empty_space height=&#8221;50px&#8221;]<div class=\"row\">        <div class=\"col-sm-6 col-xs-12\">\r\n            <h2>V\u00e5r Verksamhetsid\u00e9<\/h2>\r\n            <div class=\"text-icon-hor\">\r\n                <div class=\"text-icon-hor-icon\">\r\n                    <i class=\"icon \"><\/i>\r\n                <\/div>\r\n                <div class=\"text-icon-hor-text\">\r\n                    \u00e4r att \u00f6vertr\u00e4ffa kundens f\u00f6rv\u00e4ntningar och att leda marknaden f\u00f6r st\u00e4dtj\u00e4nster genom att tillhandah\u00e5lla p\u00e5litliga, h\u00f6gkvalitativa och kostnadseffektiva l\u00f6sningar till v\u00e5ra kunder.                <\/div>\r\n            <\/div>\r\n        <\/div>\r\n                <div class=\"col-sm-6 col-xs-12\">\r\n            <h2>V\u00e5r Vision<\/h2>\r\n            <div class=\"text-icon-hor\">\r\n                <div class=\"text-icon-hor-icon\">\r\n                    <i class=\"icon \"><\/i>\r\n                <\/div>\r\n                <div class=\"text-icon-hor-text\">\r\n                    \u00e4r att vara Sveriges b\u00e4sta arbetsplats. N\u00f6jda medarbetare tycker om att vara p\u00e5 jobbet och g\u00f6r d\u00e4rmed sitt b\u00e4sta, vilket sj\u00e4lvfallet gynnar dina intressen!                <\/div>\r\n            <\/div>\r\n        <\/div>\r\n        <\/div>[vc_empty_space height=&#8221;100px&#8221;][\/vc_column][\/vc_row][vc_row full_width=&#8221;stretch_row_content_no_spaces&#8221; el_class=&#8221;block fullwidth-bg bg-gradient-1 inset-35 home-block-1&#8243;][vc_column][vc_column_text el_class=&#8221;get-banner&#8221;]<\/p>\n<h2>Om du inte \u00e4r n\u00f6jd, tala bara om det f\u00f6r oss s\u00e5 jobbar vi p\u00e5 att st\u00e4lla det tillr\u00e4tta<\/h2>\n<p>[\/vc_column_text]                    <a href=\"http:\/\/cleaningfairy.se\/contacts\/\" class=\"btn about-pages-btn btn-white\">\r\n             <i class=\"icon fa fa-address-book\"><\/i>\r\n             Bara kontakta oss             <\/a>\r\n        [\/vc_column][\/vc_row][vc_row css=&#8221;.vc_custom_1506935343627{padding-bottom: 60px !important;}&#8221;][vc_column][vc_column_text]<\/p>\n<h2 class=\"text-center h-lg h-decor\">V\u00e5rt team<\/h2>\n<p>[\/vc_column_text][vc_column_text]<\/p>\n<p class=\"text-center\">Magdalena the Cleaning Fairy \u00e4r en aktiebolag med utbildade, h\u00e4ngivna medarbetare som tillhandah\u00e5ller professionella tj\u00e4nster med en personlig touch.<\/p>\n<p>[\/vc_column_text]<div class=\"row person-carousel\">\r\n        <div class=\"col-sm-6 col-xs-12 person\">\r\n            <div class=\"person-img\">\r\n                <img loading=\"lazy\" decoding=\"async\" width=\"576\" height=\"609\" src=\"https:\/\/cleaningfairy.se\/wp-content\/uploads\/2018\/10\/mojasl.png\" class=\"attachment-full size-full\" alt=\"\" \/>            <\/div>\r\n            <h3 class=\"person-name\">Magdalena Zjakic<\/h3>\r\n            <h6 class=\"person-position\">Grundare<\/h6>\r\n            <div class=\"person-divider\"><\/div>\r\n            <p class=\"person-text\">Magdalena har en dubbel mastersexamen I matematik och nationalekonomi och har l\u00e5ng erfarenhet av st\u00e4dtj\u00e4nster. Merparten av sin erfarenhet har hon f\u00e5tt genom att arbeta som st\u00e4dare f\u00f6r att finansiera sina studier! Under sina \u00e5r i branschen var hon aldrig riktigt n\u00f6jd med de tj\u00e4nster hennes arbetsgivare tillhandah\u00f6ll. Hon ville alltid ge mer \u2013 den personliga touch och utomordentlig service som alltid \u00f6vertr\u00e4ffar kundens f\u00f6rv\u00e4ntningar.<\/p>\r\n        <\/div>\r\n        <\/div>[\/vc_column][\/vc_row][vc_row][vc_column][vc_column_text]<\/p>\n<h1 class=\"text-center h-decor\">V\u00e5ra V\u00e4rderingar<\/h1>\n<p>[\/vc_column_text][vc_column_text]<\/p>\n<p class=\"text-center\">V\u00e5rt m\u00e5l \u00e4r att \u00f6vertr\u00e4ffa dina f\u00f6rv\u00e4ntningar och g\u00f6ra ditt liv enklare.<\/p>\n<p>[\/vc_column_text][vc_row_inner el_class=&#8221;value-area&#8221;][vc_column_inner width=&#8221;1\/2&#8243;][vc_single_image image=&#8221;1243&#8243; img_size=&#8221;full&#8221;][\/vc_column_inner][vc_column_inner width=&#8221;1\/2&#8243;][vc_column_text]<\/p>\n<ul class=\"marker-list\">\n<li><b>Kundorientering:<\/b> Vi behandlar v\u00e5ra kunder s\u00e5 som vi skulle behandla oss sj\u00e4lva. Vi v\u00e4rdes\u00e4tter v\u00e5ra kunders feedback och anv\u00e4nder den f\u00f6r att st\u00e4ndigt f\u00f6rb\u00e4ttra v\u00e5ra tj\u00e4nster.<\/li>\n<li><b>Milj\u00f6v\u00e4nlighet:<\/b> Vi v\u00e4ljer noggrant ut de b\u00e4sta reng\u00f6ringsprodukterna som ger fantastiska resultat. Vi tillverkar \u00e4ven v\u00e5ra egna 100% naturliga reng\u00f6ringsprodukter som vi kan anv\u00e4nda vid \u00f6nskem\u00e5l.<\/li>\n<li><b>Innovation:<\/b> Vi f\u00f6ljer st\u00e4ndigt den senaste tekniken f\u00f6r att anv\u00e4nda den b\u00e4sta utrustningen hos kunden.<\/li>\n<li><b>F\u00f6rtroende:<\/b> vi vill vara k\u00e4nda f\u00f6r v\u00e5rt fantastiska arbete och v\u00e5ra medarbetare. Vi vill bygga l\u00e5ngsiktiga relationer med v\u00e5ra kunder.<\/li>\n<\/ul>\n<p>[\/vc_column_text][\/vc_column_inner][\/vc_row_inner][\/vc_column][\/vc_row][vc_row css=&#8221;.vc_custom_1498114378108{margin-top: 60px !important;margin-bottom: 80px !important;}&#8221;][vc_column]        <div class=\"banner-guarantee\">\r\n            <div class=\"banner-guarantee-img banner-guarantee-img--topnegative\">\r\n                <img loading=\"lazy\" decoding=\"async\" width=\"1920\" height=\"1440\" src=\"https:\/\/cleaningfairy.se\/wp-content\/uploads\/2018\/10\/brush-15931_1920.jpg\" class=\"attachment-full size-full\" alt=\"\" srcset=\"https:\/\/cleaningfairy.se\/wp-content\/uploads\/2018\/10\/brush-15931_1920.jpg 1920w, https:\/\/cleaningfairy.se\/wp-content\/uploads\/2018\/10\/brush-15931_1920-300x225.jpg 300w, https:\/\/cleaningfairy.se\/wp-content\/uploads\/2018\/10\/brush-15931_1920-768x576.jpg 768w, https:\/\/cleaningfairy.se\/wp-content\/uploads\/2018\/10\/brush-15931_1920-1024x768.jpg 1024w, https:\/\/cleaningfairy.se\/wp-content\/uploads\/2018\/10\/brush-15931_1920-644x483.jpg 644w, https:\/\/cleaningfairy.se\/wp-content\/uploads\/2018\/10\/brush-15931_1920-600x450.jpg 600w\" sizes=\"auto, (max-width: 1920px) 100vw, 1920px\" \/>            <\/div>\r\n            <div class=\"banner-guarantee-text\">\r\n                <h2>Garanterad n\u00f6jdhet!<\/h2>\r\n                <p> Vi garanterar din n\u00f6jdhet till 100%! Om du inte \u00e4r n\u00f6jd med ett omr\u00e5de vi har st\u00e4dat \u00e4r det bara och ringa inom 24 timmar s\u00e5 kommer vi tillbaka och st\u00e4dar utan extra kostnad eller s\u00e5 f\u00e5r du pengarna tillbaka.<br \/>\nVi \u00e4r dessutom fullt f\u00f6rs\u00e4krade s\u00e5 du beh\u00f6ver inte oroa dig f\u00f6r n\u00e5gonting. Det \u00e4r riskfritt att anlita oss. <\/p>\r\n            <\/div>\r\n        <\/div>\r\n        [\/vc_column][\/vc_row]<\/p>\n<\/div>","protected":false},"excerpt":{"rendered":"<p>[vc_row css=&#8221;.vc_custom_1517547723395{margin-top: -25px !important;}&#8221;][vc_column][vc_column_text] Om V\u00e5rt F\u00f6retag [\/vc_column_text][\/vc_column][\/vc_row][vc_row full_width=&#8221;stretch_row_content_no_spaces&#8221; css=&#8221;.vc_custom_1517543773820{background-color: #f6f6f7 !important;}&#8221; el_class=&#8221;about-top-txt row-flex-text&#8221;][vc_column width=&#8221;1\/2&#8243;][vc_single_image image=&#8221;1241&#8243; img_size=&#8221;full&#8221; css=&#8221;.vc_custom_1538819793476{margin-bottom: 0px !important;}&#8221;][\/vc_column][vc_column width=&#8221;1\/2&#8243; el_class=&#8221;bg-text&#8221;][vc_column_text el_class=&#8221;col-50 ab-pages&#8221; css=&#8221;.vc_custom_1541180472405{margin-bottom: 0px !important;}&#8221;] Vi str\u00e4var efter att vara de b\u00e4sta st\u00e4darna Sverige har att erbjuda! V\u00e5rt st\u00e4df\u00f6retag tillhandah\u00e5ller omfattande, h\u00f6gkvalitativa, p\u00e5litliga st\u00e4dtj\u00e4nster till f\u00f6retag och privatpersoner. V\u00e5r h\u00e4ngivenhet och arbetsmoral styr [&hellip;]<\/p>\n","protected":false},"author":1,"featured_media":0,"parent":0,"menu_order":0,"comment_status":"closed","ping_status":"closed","template":"","meta":{"footnotes":""},"class_list":["post-290","page","type-page","status-publish","hentry"],"aioseo_notices":[],"_links":{"self":[{"href":"https:\/\/cleaningfairy.se\/sv\/wp-json\/wp\/v2\/pages\/290","targetHints":{"allow":["GET"]}}],"collection":[{"href":"https:\/\/cleaningfairy.se\/sv\/wp-json\/wp\/v2\/pages"}],"about":[{"href":"https:\/\/cleaningfairy.se\/sv\/wp-json\/wp\/v2\/types\/page"}],"author":[{"embeddable":true,"href":"https:\/\/cleaningfairy.se\/sv\/wp-json\/wp\/v2\/users\/1"}],"replies":[{"embeddable":true,"href":"https:\/\/cleaningfairy.se\/sv\/wp-json\/wp\/v2\/comments?post=290"}],"version-history":[{"count":33,"href":"https:\/\/cleaningfairy.se\/sv\/wp-json\/wp\/v2\/pages\/290\/revisions"}],"predecessor-version":[{"id":1582,"href":"https:\/\/cleaningfairy.se\/sv\/wp-json\/wp\/v2\/pages\/290\/revisions\/1582"}],"wp:attachment":[{"href":"https:\/\/cleaningfairy.se\/sv\/wp-json\/wp\/v2\/media?parent=290"}],"curies":[{"name":"wp","href":"https:\/\/api.w.org\/{rel}","templated":true}]}}