{"id":1200,"date":"2017-06-14T08:47:58","date_gmt":"2017-06-14T08:47:58","guid":{"rendered":"http:\/\/localhost\/wp-themes\/cleaning-services\/?page_id=2"},"modified":"2022-01-24T19:23:33","modified_gmt":"2022-01-24T19:23:33","slug":"sample-page-2","status":"publish","type":"page","link":"https:\/\/cleaningfairy.se\/sv\/","title":{"rendered":"Home Page"},"content":{"rendered":"<div class=\"wpb-content-wrapper\"><p>[vc_row full_width=&#8221;stretch_row_content_no_spaces&#8221;][vc_column]        <!-- Slider -->\r\n        <div id=\"mainSliderWrapper\"  class=\"mainslider \">\r\n            <div class=\"loading-content\">\r\n                <div class=\"loading-dots dark-gray\">\r\n                    <i><\/i>\r\n                    <i><\/i>\r\n                    <i><\/i>\r\n                    <i><\/i>\r\n                <\/div>\r\n            <\/div>\r\n            <div id=\"mainSlider\" >\r\n                        <div class=\"slide\">\r\n            <div class=\"img--holder\"   style=\"background-image: url(https:\/\/cleaningfairy.se\/wp-content\/uploads\/2018\/10\/draussen-elternteil-erwachsener-701014.jpg);\" ><\/div>\r\n            <div class=\"slide-content center\">\r\n                <div class=\"vert-wrap container\">\r\n                    <div class=\"vert\">\r\n                        <div class=\"container\">\r\n                            <h2 data-animation=\"zoomIn\" data-animation-delay=\"0.5s\">Vi st\u00e4dar<\/h2>\r\n                            <h2 data-animation=\"zoomIn\" data-animation-delay=\"0.5s\">s\u00e5 att du kan f\u00e5 mer tid \u00f6ver f\u00f6r familjen<\/h2>\r\n                                                                                        <a href=\"http:\/\/cleaningfairy.se\/our-services\/\"     class=\"btn\" data-animation=\"fadeInUp\" data-animation-delay=\"0.5s\"  rel=\"\"  >   \r\n                                    Vill du veta mer?   \r\n                                <\/a>\r\n                            \r\n                        <\/div>\r\n                    <\/div>\r\n                <\/div>\r\n            <\/div>\r\n        <\/div>\r\n                <div class=\"slide\">\r\n            <div class=\"img--holder\"   style=\"background-image: url(https:\/\/cleaningfairy.se\/wp-content\/uploads\/2018\/10\/aktivitat-chillen-drinnen-271721.jpg);\" ><\/div>\r\n            <div class=\"slide-content center\">\r\n                <div class=\"vert-wrap container\">\r\n                    <div class=\"vert\">\r\n                        <div class=\"container\">\r\n                            <h2 data-animation=\"zoomIn\" data-animation-delay=\"0.5s\">Vi st\u00e4dar<\/h2>\r\n                            <h2 data-animation=\"zoomIn\" data-animation-delay=\"0.5s\">s\u00e5 att du kan ta tillvara p\u00e5 livets sm\u00e5 gulkorn<\/h2>\r\n                            \n<div id=\"starshine\">\n<div class=\"shine shine-1\">1<\/div>\n<div class=\"shine shine-2\">2<\/div>\n<div class=\"shine shine-4\">4<\/div>\n<\/div>\n                                                            <a href=\"http:\/\/cleaningfairy.se\/our-services\/\"     class=\"btn\" data-animation=\"fadeInUp\" data-animation-delay=\"0.5s\"  rel=\"\"  >   \r\n                                    Vill du veta mer?   \r\n                                <\/a>\r\n                            \r\n                        <\/div>\r\n                    <\/div>\r\n                <\/div>\r\n            <\/div>\r\n        <\/div>\r\n                <div class=\"slide\">\r\n            <div class=\"img--holder\"   style=\"background-image: url(https:\/\/cleaningfairy.se\/wp-content\/uploads\/2018\/10\/abenteuer-athlet-ausdauer-235922.jpg);\" ><\/div>\r\n            <div class=\"slide-content center\">\r\n                <div class=\"vert-wrap container\">\r\n                    <div class=\"vert\">\r\n                        <div class=\"container\">\r\n                            <h2 data-animation=\"zoomIn\" data-animation-delay=\"0.5s\">Vi st\u00e4dar<\/h2>\r\n                            <h2 data-animation=\"zoomIn\" data-animation-delay=\"0.5s\">s\u00e5 att du kan leva ditt liv till fullo<\/h2>\r\n                                                                                        <a href=\"http:\/\/cleaningfairy.se\/our-services\/\"     class=\"btn\" data-animation=\"fadeInUp\" data-animation-delay=\"0.5s\"  rel=\"\"  >   \r\n                                    Vill du veta mer?   \r\n                                <\/a>\r\n                            \r\n                        <\/div>\r\n                    <\/div>\r\n                <\/div>\r\n            <\/div>\r\n        <\/div>\r\n                    <\/div>  \r\n        <\/div>  \r\n        [\/vc_column][\/vc_row][vc_row css=&#8221;.vc_custom_1505283040388{padding-top: 60px !important;}&#8221;][vc_column][vc_column_text]<\/p>\n<h2 class=\"text-center h-lg h-decor\">Medan vi st\u00e4dar f\u00e5r du tid till att skapa minnen!<\/h2>\n<p>[\/vc_column_text][\/vc_column][\/vc_row][vc_row][vc_column]<div class=\"services-circle-carousel services-circle\">            <div class=\"services-circle-item pos-1\">\r\n                <a  href=\"https:\/\/cleaningfairy.se\/cleaning_services\/apartment-house-cleaning\/\" class=\"services-circle-item-img\">\r\n                    <img loading=\"lazy\" decoding=\"async\" width=\"867\" height=\"826\" src=\"https:\/\/cleaningfairy.se\/wp-content\/uploads\/2018\/11\/kuca.png\" class=\"attachment-full size-full\" alt=\"\" \/>                <\/a>\r\n                <div class=\"services-circle-item-title\">Bostadsst\u00e4dning<\/div>\r\n            <\/div>\r\n\r\n                    <div class=\"services-circle-item pos-2\">\r\n                <a  href=\"https:\/\/cleaningfairy.se\/cleaning_services\/property-management\/\" class=\"services-circle-item-img\">\r\n                    <img loading=\"lazy\" decoding=\"async\" width=\"867\" height=\"826\" src=\"https:\/\/cleaningfairy.se\/wp-content\/uploads\/2019\/11\/Property-management35726.png\" class=\"attachment-full size-full\" alt=\"\" srcset=\"https:\/\/cleaningfairy.se\/wp-content\/uploads\/2019\/11\/Property-management35726.png 867w, https:\/\/cleaningfairy.se\/wp-content\/uploads\/2019\/11\/Property-management35726-300x286.png 300w, https:\/\/cleaningfairy.se\/wp-content\/uploads\/2019\/11\/Property-management35726-768x732.png 768w, https:\/\/cleaningfairy.se\/wp-content\/uploads\/2019\/11\/Property-management35726-507x483.png 507w\" sizes=\"auto, (max-width: 867px) 100vw, 867px\" \/>                <\/a>\r\n                <div class=\"services-circle-item-title\">Property<br \/>\nManagement<\/div>\r\n            <\/div>\r\n                    <div class=\"services-circle-item pos-3\">\r\n                <a  href=\"https:\/\/cleaningfairy.se\/cleaning_services\/office-retail-cleaning\/\" class=\"services-circle-item-img\">\r\n                    <img loading=\"lazy\" decoding=\"async\" width=\"867\" height=\"826\" src=\"https:\/\/cleaningfairy.se\/wp-content\/uploads\/2018\/11\/office1.png\" class=\"attachment-full size-full\" alt=\"\" \/>                <\/a>\r\n                <div class=\"services-circle-item-title\">\r\n                    Kommers<br \/>\nSt\u00e4dning                <\/div>\r\n            <\/div>  \r\n\r\n                    <div class=\"services-circle-item pos-4\">\r\n                <a  href=\"https:\/\/cleaningfairy.se\/cleaning_services\/deep-cleaning\/\" class=\"services-circle-item-img\">\r\n                    <img loading=\"lazy\" decoding=\"async\" width=\"811\" height=\"770\" src=\"https:\/\/cleaningfairy.se\/wp-content\/uploads\/2022\/01\/Picture1.png\" class=\"attachment-full size-full\" alt=\"\" srcset=\"https:\/\/cleaningfairy.se\/wp-content\/uploads\/2022\/01\/Picture1.png 811w, https:\/\/cleaningfairy.se\/wp-content\/uploads\/2022\/01\/Picture1-300x285.png 300w, https:\/\/cleaningfairy.se\/wp-content\/uploads\/2022\/01\/Picture1-768x729.png 768w, https:\/\/cleaningfairy.se\/wp-content\/uploads\/2022\/01\/Picture1-509x483.png 509w\" sizes=\"auto, (max-width: 811px) 100vw, 811px\" \/>                <\/a>\r\n                <div class=\"services-circle-item-title\">\r\n                Storst\u00e4dning                    \r\n                <\/div>\r\n            <\/div>\r\n        <\/div>[\/vc_column][\/vc_row][vc_row full_width=&#8221;stretch_row&#8221; css=&#8221;.vc_custom_1599520640973{margin-top: 70px !important;border-top-width: 1px !important;border-bottom-width: 1px !important;background-color: #46addf !important;}&#8221;][vc_column][vc_column_text][insert_php]<br \/>\ninclude &#8216;calculatorNew.php&#8217;;<br \/>\n[\/insert_php][\/vc_column_text][\/vc_column][\/vc_row][vc_row css=&#8221;.vc_custom_1639093539859{margin-top: 0px !important;}&#8221;][vc_column][vc_column_text]<\/p>\n<h5 style=\"text-align: center;\">Alla priser som visas p\u00e5 hemsidan\u00a0\u00e4r efter RUT-avdrag.<\/h5>\n<p>[\/vc_column_text][\/vc_column][\/vc_row][vc_row el_class=&#8221;block&#8221; css=&#8221;.vc_custom_1642981232368{margin-top: 50px !important;}&#8221;][vc_column][vc_column_text]<\/p>\n<h2 class=\"text-center h-lg h-decor\">Vi arbetar endast i Stockholm inom f\u00f6ljande omr\u00e5den<\/h2>\n<p>[\/vc_column_text][vc_single_image image=&#8221;1545&#8243; img_size=&#8221;full&#8221; alignment=&#8221;center&#8221;][\/vc_column][\/vc_row][vc_row full_width=&#8221;stretch_row&#8221; el_class=&#8221;clean-with-conscience&#8221;][vc_column offset=&#8221;vc_col-lg-offset-3 vc_col-lg-9&#8243;][vc_column_text el_class=&#8221;sm-full-text&#8221;]<\/p>\n<h2 class=\"text-center h-lg h-decor\">St\u00e4dning med Omsorg<\/h2>\n<p>[\/vc_column_text][vc_column_text el_class=&#8221;sm-full-text&#8221;]<\/p>\n<h3 class=\"text-center\">Professionella St\u00e4dtj\u00e4nster f\u00f6r Hem och Arbetsplats<\/h3>\n<p class=\"text-center\">Det r\u00e4cker inte att lita p\u00e5 st\u00e4dteamet som du sl\u00e4pper in i ditt hem. Du m\u00e5ste ocks\u00e5 kunna lita p\u00e5 att de levererar en f\u00f6rstklassig st\u00e4dtj\u00e4nst. V\u00e5ra anst\u00e4llda genomg\u00e5r ett utbildningsprogram som garanterar att varje medlem av v\u00e5rt st\u00e4dteam f\u00f6rst\u00e5r sitt uppdrag och ansvar att uppfylla dina f\u00f6rv\u00e4ntningar.<\/p>\n<div class=\"row\">\n<div class=\"col-lg-5 col-lg-push-1\">\n<ul class=\"marker-list\">\n<li>Bes\u00f6k varje m\u00e5nad, varannan vecka, varje vecka eller dagligen<\/li>\n<li>Erfarna st\u00e4dare<\/li>\n<li>Beh\u00e5ll samma st\u00e4dare vid varje bes\u00f6k<\/li>\n<li>Hantera bokningar online<\/li>\n<li>Betalning via Swish eller bank\u00f6verf\u00f6ring<\/li>\n<\/ul>\n<\/div>\n<div class=\"col-lg-5 col-lg-push-1\"><\/div>\n<\/div>\n<p>[\/vc_column_text][\/vc_column][\/vc_row][vc_row el_class=&#8221;block&#8221; css=&#8221;.vc_custom_1599520680263{margin-top: 70px !important;}&#8221;][vc_column][vc_column_text]<\/p>\n<h2 class=\"text-center h-lg h-decor\">Hur fungerar det?<\/h2>\n<p class=\"text-center\">Vi kommer till dig och erbjuder en gratis offert s\u00e5 att du vet exakt vad du kommer att betala. F\u00f6rsta bokningen \u00e4r rabatterad (100 SEK per timme).<\/p>\n<p>[\/vc_column_text]<div class=\"row\">\r\n        <div class=\"col-md-4 col-sm-4 col-xs-12\">\r\n            <div class=\"how-works\">\r\n                <div class=\"how-works-number how-works-number--color1\">1<\/div>\r\n                <h3 class=\"how-works-title\">Boka online eller via telefon<span> <\/span><\/h3>\r\n                <p>\r\n                    Anv\u00e4nd v\u00e5r hemsida f\u00f6r snabb och enkel bokning eller kontakta oss via telefon.                <\/p>\r\n            <\/div>\r\n        <\/div>\r\n        \r\n        <div class=\"col-md-4 col-sm-4 col-xs-12\">\r\n            <div class=\"how-works\">\r\n                <div class=\"how-works-number how-works-number--color2\">2<\/div>\r\n                <h3 class=\"how-works-title\">Erfarna st\u00e4dare<span> <\/span><\/h3>\r\n                <p>\r\n                    Vi matchar dig med en tillf\u00f6rlitlig, erfaren och utbildad st\u00e4dare.                <\/p>\r\n            <\/div>\r\n        <\/div>\r\n        \r\n        <div class=\"col-md-4 col-sm-4 col-xs-12\">\r\n            <div class=\"how-works\">\r\n                <div class=\"how-works-number how-works-number--color3\">3<\/div>\r\n                <h3 class=\"how-works-title\">Hantera allting online<span> <\/span><\/h3>\r\n                <p>\r\n                    L\u00e4gg till bes\u00f6k, ta bort bes\u00f6k, l\u00e4mna anteckningar och boka extra tj\u00e4nster som tv\u00e4tt, reng\u00f6ring av kylsk\u00e5p, reng\u00f6ring av ugn.                <\/p>\r\n            <\/div>\r\n        <\/div>\r\n        <\/div>[\/vc_column][\/vc_row]<\/p>\n<\/div>","protected":false},"excerpt":{"rendered":"<p>[vc_row full_width=&#8221;stretch_row_content_no_spaces&#8221;][vc_column][\/vc_column][\/vc_row][vc_row css=&#8221;.vc_custom_1505283040388{padding-top: 60px !important;}&#8221;][vc_column][vc_column_text] Medan vi st\u00e4dar f\u00e5r du tid till att skapa minnen! [\/vc_column_text][\/vc_column][\/vc_row][vc_row][vc_column][\/vc_column][\/vc_row][vc_row full_width=&#8221;stretch_row&#8221; css=&#8221;.vc_custom_1599520640973{margin-top: 70px !important;border-top-width: 1px !important;border-bottom-width: 1px !important;background-color: #46addf !important;}&#8221;][vc_column][vc_column_text][insert_php] include &#8216;calculatorNew.php&#8217;; [\/insert_php][\/vc_column_text][\/vc_column][\/vc_row][vc_row css=&#8221;.vc_custom_1639093539859{margin-top: 0px !important;}&#8221;][vc_column][vc_column_text] Alla priser som visas p\u00e5 hemsidan\u00a0\u00e4r efter RUT-avdrag. [\/vc_column_text][\/vc_column][\/vc_row][vc_row el_class=&#8221;block&#8221; css=&#8221;.vc_custom_1642981232368{margin-top: 50px !important;}&#8221;][vc_column][vc_column_text] Vi arbetar endast i Stockholm inom f\u00f6ljande omr\u00e5den [\/vc_column_text][vc_single_image image=&#8221;1545&#8243; [&hellip;]<\/p>\n","protected":false},"author":1,"featured_media":0,"parent":0,"menu_order":0,"comment_status":"closed","ping_status":"closed","template":"","meta":{"footnotes":""},"class_list":["post-1200","page","type-page","status-publish","hentry"],"aioseo_notices":[],"_links":{"self":[{"href":"https:\/\/cleaningfairy.se\/sv\/wp-json\/wp\/v2\/pages\/1200","targetHints":{"allow":["GET"]}}],"collection":[{"href":"https:\/\/cleaningfairy.se\/sv\/wp-json\/wp\/v2\/pages"}],"about":[{"href":"https:\/\/cleaningfairy.se\/sv\/wp-json\/wp\/v2\/types\/page"}],"author":[{"embeddable":true,"href":"https:\/\/cleaningfairy.se\/sv\/wp-json\/wp\/v2\/users\/1"}],"replies":[{"embeddable":true,"href":"https:\/\/cleaningfairy.se\/sv\/wp-json\/wp\/v2\/comments?post=1200"}],"version-history":[{"count":77,"href":"https:\/\/cleaningfairy.se\/sv\/wp-json\/wp\/v2\/pages\/1200\/revisions"}],"predecessor-version":[{"id":1579,"href":"https:\/\/cleaningfairy.se\/sv\/wp-json\/wp\/v2\/pages\/1200\/revisions\/1579"}],"wp:attachment":[{"href":"https:\/\/cleaningfairy.se\/sv\/wp-json\/wp\/v2\/media?parent=1200"}],"curies":[{"name":"wp","href":"https:\/\/api.w.org\/{rel}","templated":true}]}}